{"id":2,"date":"2011-03-05T21:06:00","date_gmt":"2011-03-05T21:06:00","guid":{"rendered":"http:\/\/wloczykije.eu\/?page_id=2"},"modified":"2012-02-06T11:35:07","modified_gmt":"2012-02-06T11:35:07","slug":"przykladowa-strona","status":"publish","type":"page","link":"https:\/\/wloczykije.eu\/?page_id=2","title":{"rendered":"Strona autotematyczna"},"content":{"rendered":"<h2><span style=\"color: #993300;\">\u017b\u0105dni przygody,<\/span><\/h2>\n<h2 style=\"padding-left: 30px;\"><span style=\"color: #993300;\">m\u0142odzi,<\/span><\/h2>\n<h2 style=\"padding-left: 60px;\"><span style=\"color: #993300;\">zdolni<\/span><\/h2>\n<h2 style=\"padding-left: 90px;\"><span style=\"color: #993300;\">i oczywi\u015bcie kreatywni<\/span><\/h2>\n<h2 style=\"padding-left: 120px;\"><span style=\"color: #993300;\">&#8212; tacy w\u0142a\u015bnie s\u0105 podr\u00f3\u017cni opisuj\u0105cy swoje podr\u00f3\u017ce po \u015bwiecie nie-tak-odleg\u0142ym.<\/span><\/h2>\n<p style=\"text-align: center;\"><img loading=\"lazy\" decoding=\"async\" class=\"aligncenter\" title=\"ZKx2\" src=\"https:\/\/wloczykije.eu\/wp-content\/uploads\/2011\/03\/DSCF03331-181x300.jpg\" alt=\"\" width=\"181\" height=\"300\" \/><\/p>\n<p>&nbsp;<\/p>\n<p>W\u0142\u00f3cz\u0105c kije po drogach i bezdro\u017cach napotykamy tyle ciekawych zjawisk, rzeczy i os\u00f3b, \u017ce samolubne by\u0142oby nie podzielenie si\u0119 nimi. St\u0105d pomys\u0142 na stron\u0119, dzi\u0119ki kt\u00f3rej mo\u017cecie razem z nami odwiedzi\u0107 miejsca niezwyk\u0142e &#8211; na r\u00f3\u017cnorakie sposoby.<\/p>\n<p>A je\u015bli chcecie si\u0119 z nami skontaktowa\u0107, piszcie! Nasz adres to <a href=\"mailto:wloczykije.eu@gmail.com\">wloczykije.eu@gmail.com<\/a> .<\/p>\n<p>&nbsp;<\/p>\n","protected":false},"excerpt":{"rendered":"<p>\u017b\u0105dni przygody, m\u0142odzi, zdolni i oczywi\u015bcie kreatywni &#8212; tacy w\u0142a\u015bnie s\u0105 podr\u00f3\u017cni opisuj\u0105cy swoje podr\u00f3\u017ce po \u015bwiecie nie-tak-odleg\u0142ym. &nbsp; W\u0142\u00f3cz\u0105c kije po drogach i bezdro\u017cach napotykamy tyle ciekawych zjawisk, rzeczy i os\u00f3b, \u017ce samolubne by\u0142oby nie podzielenie si\u0119 nimi. St\u0105d pomys\u0142 na stron\u0119, dzi\u0119ki kt\u00f3rej mo\u017cecie razem z nami odwiedzi\u0107 miejsca niezwyk\u0142e &#8211; na r\u00f3\u017cnorakie &#038;hellip <a class=\"read-excerpt\" href=\"https:\/\/wloczykije.eu\/?page_id=2\">Continue reading <span class=\"meta-nav\">&raquo;<\/span><\/a><\/p>\n","protected":false},"author":1,"featured_media":0,"parent":0,"menu_order":0,"comment_status":"open","ping_status":"closed","template":"","meta":{"footnotes":""},"class_list":["post-2","page","type-page","status-publish","hentry"],"_links":{"self":[{"href":"https:\/\/wloczykije.eu\/index.php?rest_route=\/wp\/v2\/pages\/2","targetHints":{"allow":["GET"]}}],"collection":[{"href":"https:\/\/wloczykije.eu\/index.php?rest_route=\/wp\/v2\/pages"}],"about":[{"href":"https:\/\/wloczykije.eu\/index.php?rest_route=\/wp\/v2\/types\/page"}],"author":[{"embeddable":true,"href":"https:\/\/wloczykije.eu\/index.php?rest_route=\/wp\/v2\/users\/1"}],"replies":[{"embeddable":true,"href":"https:\/\/wloczykije.eu\/index.php?rest_route=%2Fwp%2Fv2%2Fcomments&post=2"}],"version-history":[{"count":11,"href":"https:\/\/wloczykije.eu\/index.php?rest_route=\/wp\/v2\/pages\/2\/revisions"}],"predecessor-version":[{"id":24,"href":"https:\/\/wloczykije.eu\/index.php?rest_route=\/wp\/v2\/pages\/2\/revisions\/24"}],"wp:attachment":[{"href":"https:\/\/wloczykije.eu\/index.php?rest_route=%2Fwp%2Fv2%2Fmedia&parent=2"}],"curies":[{"name":"wp","href":"https:\/\/api.w.org\/{rel}","templated":true}]}}